{"id":2842,"date":"2025-09-09T09:51:27","date_gmt":"2025-09-09T09:51:27","guid":{"rendered":"https:\/\/yogaexpert.ee\/about-me\/"},"modified":"2025-12-10T06:35:50","modified_gmt":"2025-12-10T06:35:50","slug":"about-me","status":"publish","type":"page","link":"https:\/\/yogaexpert.ee\/en\/about-me\/","title":{"rendered":"About Me"},"content":{"rendered":"\t\t<div data-elementor-type=\"wp-page\" data-elementor-id=\"2842\" class=\"elementor elementor-2842 elementor-252\">\n\t\t\t\t<div class=\"elementor-element elementor-element-d0d1fca e-flex e-con-boxed e-con e-parent\" data-id=\"d0d1fca\" data-element_type=\"container\" data-settings=\"{&quot;background_background&quot;:&quot;classic&quot;}\">\n\t\t\t\t\t<div class=\"e-con-inner\">\n\t\t<div class=\"elementor-element elementor-element-dd2a58a e-con-full e-flex e-con e-child\" data-id=\"dd2a58a\" data-element_type=\"container\">\n\t\t\t\t<div class=\"elementor-element elementor-element-95f7e53 elementor-widget elementor-widget-heading\" data-id=\"95f7e53\" data-element_type=\"widget\" data-widget_type=\"heading.default\">\n\t\t\t\t<div class=\"elementor-widget-container\">\n\t\t\t\t\t<h1 class=\"elementor-heading-title elementor-size-default\">About Me<\/h1>\t\t\t\t<\/div>\n\t\t\t\t<\/div>\n\t\t\t\t<\/div>\n\t\t\t\t\t<\/div>\n\t\t\t\t<\/div>\n\t\t<div class=\"elementor-element elementor-element-52a2884 e-flex e-con-boxed e-con e-parent\" data-id=\"52a2884\" data-element_type=\"container\">\n\t\t\t\t\t<div class=\"e-con-inner\">\n\t\t<div class=\"elementor-element elementor-element-a2d8272 e-con-full e-flex e-con e-child\" data-id=\"a2d8272\" data-element_type=\"container\">\n\t\t\t\t<div class=\"elementor-element elementor-element-8b8ba0f elementor-widget elementor-widget-image\" data-id=\"8b8ba0f\" data-element_type=\"widget\" data-widget_type=\"image.default\">\n\t\t\t\t<div class=\"elementor-widget-container\">\n\t\t\t\t\t\t\t\t\t\t\t\t\t\t\t<img fetchpriority=\"high\" decoding=\"async\" width=\"1365\" height=\"2048\" src=\"https:\/\/yogaexpert.ee\/wp-content\/uploads\/2025\/09\/IMG_5739.jpg\" class=\"attachment-full size-full wp-image-2841\" alt=\"\" srcset=\"https:\/\/yogaexpert.ee\/wp-content\/uploads\/2025\/09\/IMG_5739.jpg 1365w, https:\/\/yogaexpert.ee\/wp-content\/uploads\/2025\/09\/IMG_5739-200x300.jpg 200w, https:\/\/yogaexpert.ee\/wp-content\/uploads\/2025\/09\/IMG_5739-683x1024.jpg 683w, https:\/\/yogaexpert.ee\/wp-content\/uploads\/2025\/09\/IMG_5739-768x1152.jpg 768w, https:\/\/yogaexpert.ee\/wp-content\/uploads\/2025\/09\/IMG_5739-1024x1536.jpg 1024w, https:\/\/yogaexpert.ee\/wp-content\/uploads\/2025\/09\/IMG_5739-600x900.jpg 600w\" sizes=\"(max-width: 1365px) 100vw, 1365px\" \/>\t\t\t\t\t\t\t\t\t\t\t\t\t\t\t<\/div>\n\t\t\t\t<\/div>\n\t\t\t\t<\/div>\n\t\t<div class=\"elementor-element elementor-element-c75e9dd e-con-full e-flex e-con e-child\" data-id=\"c75e9dd\" data-element_type=\"container\">\n\t\t\t\t<div class=\"elementor-element elementor-element-b9efede elementor-widget elementor-widget-heading\" data-id=\"b9efede\" data-element_type=\"widget\" data-widget_type=\"heading.default\">\n\t\t\t\t<div class=\"elementor-widget-container\">\n\t\t\t\t\t<h2 class=\"elementor-heading-title elementor-size-default\">Triin Soosaar and Yogaexpert<\/h2>\t\t\t\t<\/div>\n\t\t\t\t<\/div>\n\t\t\t\t<div class=\"elementor-element elementor-element-19c1dac elementor-widget elementor-widget-text-editor\" data-id=\"19c1dac\" data-element_type=\"widget\" data-widget_type=\"text-editor.default\">\n\t\t\t\t<div class=\"elementor-widget-container\">\n\t\t\t\t\t\t\t\t\t<p>Yogaexpert is an Estonian-born yoga apparel brand for Kundalini yoga practitioners and teachers. Bright and simple, crafted with love and care, these garments are designed to support daily yoga practices, bring joy, and inspire everyone who appreciates the peace and positive energy of light-colored clothing.<br>I offer garments produced in small batches and as unique pieces for both women and men. I also offer custom-made garments tailored to your exact measurements. <\/p><p>By education, I am a seamstress and a clothing designer\/pattern maker. Alongside my main job, I became a yoga teacher. Practicing Kundalini yoga led me to teacher training courses, and since 2021, I have been an internationally certified Kundalini yoga teacher (IKYTA). Teaching Kundalini yoga practices has become my second profession, a source of peace and gratitude.<br>The yoga apparel I create is made in Estonia, in a beautiful natural area amidst ancient trees and birdsong in J\u00f5geva County. This supportive environment carries the energy of a yogic lifestyle into the daily production process. I use modern sustainable equipment and renewable energy for production. Living in harmony with nature, sustainable, and ethical management are important to me at every stage of production.<br>Every garment I create carries the desire to bring more peace and awareness into daily life. I believe that great changes begin with small choices. Together, let&#8217;s create a world full of balance and peace.<\/p>\t\t\t\t\t\t\t\t<\/div>\n\t\t\t\t<\/div>\n\t\t\t\t<\/div>\n\t\t\t\t\t<\/div>\n\t\t\t\t<\/div>\n\t\t\t\t<\/div>\n\t\t","protected":false},"excerpt":{"rendered":"<p>About Me Triin Soosaar and Yogaexpert Yogaexpert is an Estonian-born yoga apparel brand for Kundalini yoga practitioners and teachers. Bright and simple, crafted with love and care, these garments are designed to support daily yoga practices, bring joy, and inspire everyone who appreciates the peace and positive energy of light-colored clothing.I offer garments produced in [&hellip;]<\/p>\n","protected":false},"author":1,"featured_media":0,"parent":0,"menu_order":0,"comment_status":"closed","ping_status":"closed","template":"","meta":{"site-sidebar-layout":"no-sidebar","site-content-layout":"page-builder","ast-site-content-layout":"default","site-content-style":"default","site-sidebar-style":"default","ast-global-header-display":"","ast-banner-title-visibility":"","ast-main-header-display":"","ast-hfb-above-header-display":"","ast-hfb-below-header-display":"","ast-hfb-mobile-header-display":"","site-post-title":"disabled","ast-breadcrumbs-content":"disabled","ast-featured-img":"disabled","footer-sml-layout":"","theme-transparent-header-meta":"enabled","adv-header-id-meta":"","stick-header-meta":"","header-above-stick-meta":"","header-main-stick-meta":"","header-below-stick-meta":"","astra-migrate-meta-layouts":"default","ast-page-background-enabled":"default","ast-page-background-meta":{"desktop":{"background-color":"var(--ast-global-color-4)","background-image":"","background-repeat":"repeat","background-position":"center center","background-size":"auto","background-attachment":"scroll","background-type":"","background-media":"","overlay-type":"","overlay-color":"","overlay-opacity":"","overlay-gradient":""},"tablet":{"background-color":"","background-image":"","background-repeat":"repeat","background-position":"center center","background-size":"auto","background-attachment":"scroll","background-type":"","background-media":"","overlay-type":"","overlay-color":"","overlay-opacity":"","overlay-gradient":""},"mobile":{"background-color":"","background-image":"","background-repeat":"repeat","background-position":"center center","background-size":"auto","background-attachment":"scroll","background-type":"","background-media":"","overlay-type":"","overlay-color":"","overlay-opacity":"","overlay-gradient":""}},"ast-content-background-meta":{"desktop":{"background-color":"var(--ast-global-color-5)","background-image":"","background-repeat":"repeat","background-position":"center center","background-size":"auto","background-attachment":"scroll","background-type":"","background-media":"","overlay-type":"","overlay-color":"","overlay-opacity":"","overlay-gradient":""},"tablet":{"background-color":"var(--ast-global-color-5)","background-image":"","background-repeat":"repeat","background-position":"center center","background-size":"auto","background-attachment":"scroll","background-type":"","background-media":"","overlay-type":"","overlay-color":"","overlay-opacity":"","overlay-gradient":""},"mobile":{"background-color":"var(--ast-global-color-5)","background-image":"","background-repeat":"repeat","background-position":"center center","background-size":"auto","background-attachment":"scroll","background-type":"","background-media":"","overlay-type":"","overlay-color":"","overlay-opacity":"","overlay-gradient":""}},"footnotes":""},"class_list":["post-2842","page","type-page","status-publish","hentry"],"yoast_head":"<!-- This site is optimized with the Yoast SEO plugin v25.9 - https:\/\/yoast.com\/wordpress\/plugins\/seo\/ -->\n<title>About Me - YogaExpert<\/title>\n<meta name=\"robots\" content=\"index, follow, max-snippet:-1, max-image-preview:large, max-video-preview:-1\" \/>\n<link rel=\"canonical\" href=\"https:\/\/yogaexpert.ee\/en\/about-me\/\" \/>\n<meta property=\"og:locale\" content=\"en_US\" \/>\n<meta property=\"og:type\" content=\"article\" \/>\n<meta property=\"og:title\" content=\"About Me - YogaExpert\" \/>\n<meta property=\"og:description\" content=\"About Me Triin Soosaar and Yogaexpert Yogaexpert is an Estonian-born yoga apparel brand for Kundalini yoga practitioners and teachers. Bright and simple, crafted with love and care, these garments are designed to support daily yoga practices, bring joy, and inspire everyone who appreciates the peace and positive energy of light-colored clothing.I offer garments produced in [&hellip;]\" \/>\n<meta property=\"og:url\" content=\"https:\/\/yogaexpert.ee\/en\/about-me\/\" \/>\n<meta property=\"og:site_name\" content=\"YogaExpert\" \/>\n<meta property=\"article:modified_time\" content=\"2025-12-10T06:35:50+00:00\" \/>\n<meta property=\"og:image\" content=\"https:\/\/yogaexpert.ee\/wp-content\/uploads\/2025\/09\/IMG_5739.jpg\" \/>\n\t<meta property=\"og:image:width\" content=\"1365\" \/>\n\t<meta property=\"og:image:height\" content=\"2048\" \/>\n\t<meta property=\"og:image:type\" content=\"image\/jpeg\" \/>\n<meta name=\"twitter:card\" content=\"summary_large_image\" \/>\n<meta name=\"twitter:label1\" content=\"Est. reading time\" \/>\n\t<meta name=\"twitter:data1\" content=\"1 minute\" \/>\n<script type=\"application\/ld+json\" class=\"yoast-schema-graph\">{\"@context\":\"https:\/\/schema.org\",\"@graph\":[{\"@type\":\"WebPage\",\"@id\":\"https:\/\/yogaexpert.ee\/en\/about-me\/\",\"url\":\"https:\/\/yogaexpert.ee\/en\/about-me\/\",\"name\":\"About Me - YogaExpert\",\"isPartOf\":{\"@id\":\"https:\/\/yogaexpert.ee\/#website\"},\"primaryImageOfPage\":{\"@id\":\"https:\/\/yogaexpert.ee\/en\/about-me\/#primaryimage\"},\"image\":{\"@id\":\"https:\/\/yogaexpert.ee\/en\/about-me\/#primaryimage\"},\"thumbnailUrl\":\"https:\/\/yogaexpert.ee\/wp-content\/uploads\/2025\/09\/IMG_5739.jpg\",\"datePublished\":\"2025-09-09T09:51:27+00:00\",\"dateModified\":\"2025-12-10T06:35:50+00:00\",\"breadcrumb\":{\"@id\":\"https:\/\/yogaexpert.ee\/en\/about-me\/#breadcrumb\"},\"inLanguage\":\"en-US\",\"potentialAction\":[{\"@type\":\"ReadAction\",\"target\":[\"https:\/\/yogaexpert.ee\/en\/about-me\/\"]}]},{\"@type\":\"ImageObject\",\"inLanguage\":\"en-US\",\"@id\":\"https:\/\/yogaexpert.ee\/en\/about-me\/#primaryimage\",\"url\":\"https:\/\/yogaexpert.ee\/wp-content\/uploads\/2025\/09\/IMG_5739.jpg\",\"contentUrl\":\"https:\/\/yogaexpert.ee\/wp-content\/uploads\/2025\/09\/IMG_5739.jpg\"},{\"@type\":\"BreadcrumbList\",\"@id\":\"https:\/\/yogaexpert.ee\/en\/about-me\/#breadcrumb\",\"itemListElement\":[{\"@type\":\"ListItem\",\"position\":1,\"name\":\"Home\",\"item\":\"https:\/\/yogaexpert.ee\/\"},{\"@type\":\"ListItem\",\"position\":2,\"name\":\"About Me\"}]},{\"@type\":\"WebSite\",\"@id\":\"https:\/\/yogaexpert.ee\/#website\",\"url\":\"https:\/\/yogaexpert.ee\/\",\"name\":\"YogaExpert\",\"description\":\"Valmistame k\u00e4sit\u00f6\u00f6na vastupidavaid ja mugavaid joogariideid, mis toetavad Sinu igap\u00e4evast liikumist ja teadlikku eluviisi.\",\"publisher\":{\"@id\":\"https:\/\/yogaexpert.ee\/#organization\"},\"potentialAction\":[{\"@type\":\"SearchAction\",\"target\":{\"@type\":\"EntryPoint\",\"urlTemplate\":\"https:\/\/yogaexpert.ee\/?s={search_term_string}\"},\"query-input\":{\"@type\":\"PropertyValueSpecification\",\"valueRequired\":true,\"valueName\":\"search_term_string\"}}],\"inLanguage\":\"en-US\"},{\"@type\":\"Organization\",\"@id\":\"https:\/\/yogaexpert.ee\/#organization\",\"name\":\"YogaExpert\",\"url\":\"https:\/\/yogaexpert.ee\/\",\"logo\":{\"@type\":\"ImageObject\",\"inLanguage\":\"en-US\",\"@id\":\"https:\/\/yogaexpert.ee\/#\/schema\/logo\/image\/\",\"url\":\"https:\/\/yogaexpert.ee\/wp-content\/uploads\/2025\/09\/Yogaekspert-logo_kastita_PNG-1.png\",\"contentUrl\":\"https:\/\/yogaexpert.ee\/wp-content\/uploads\/2025\/09\/Yogaekspert-logo_kastita_PNG-1.png\",\"width\":2527,\"height\":1784,\"caption\":\"YogaExpert\"},\"image\":{\"@id\":\"https:\/\/yogaexpert.ee\/#\/schema\/logo\/image\/\"}}]}<\/script>\n<!-- \/ Yoast SEO plugin. -->","yoast_head_json":{"title":"About Me - YogaExpert","robots":{"index":"index","follow":"follow","max-snippet":"max-snippet:-1","max-image-preview":"max-image-preview:large","max-video-preview":"max-video-preview:-1"},"canonical":"https:\/\/yogaexpert.ee\/en\/about-me\/","og_locale":"en_US","og_type":"article","og_title":"About Me - YogaExpert","og_description":"About Me Triin Soosaar and Yogaexpert Yogaexpert is an Estonian-born yoga apparel brand for Kundalini yoga practitioners and teachers. Bright and simple, crafted with love and care, these garments are designed to support daily yoga practices, bring joy, and inspire everyone who appreciates the peace and positive energy of light-colored clothing.I offer garments produced in [&hellip;]","og_url":"https:\/\/yogaexpert.ee\/en\/about-me\/","og_site_name":"YogaExpert","article_modified_time":"2025-12-10T06:35:50+00:00","og_image":[{"width":1365,"height":2048,"url":"https:\/\/yogaexpert.ee\/wp-content\/uploads\/2025\/09\/IMG_5739.jpg","type":"image\/jpeg"}],"twitter_card":"summary_large_image","twitter_misc":{"Est. reading time":"1 minute"},"schema":{"@context":"https:\/\/schema.org","@graph":[{"@type":"WebPage","@id":"https:\/\/yogaexpert.ee\/en\/about-me\/","url":"https:\/\/yogaexpert.ee\/en\/about-me\/","name":"About Me - YogaExpert","isPartOf":{"@id":"https:\/\/yogaexpert.ee\/#website"},"primaryImageOfPage":{"@id":"https:\/\/yogaexpert.ee\/en\/about-me\/#primaryimage"},"image":{"@id":"https:\/\/yogaexpert.ee\/en\/about-me\/#primaryimage"},"thumbnailUrl":"https:\/\/yogaexpert.ee\/wp-content\/uploads\/2025\/09\/IMG_5739.jpg","datePublished":"2025-09-09T09:51:27+00:00","dateModified":"2025-12-10T06:35:50+00:00","breadcrumb":{"@id":"https:\/\/yogaexpert.ee\/en\/about-me\/#breadcrumb"},"inLanguage":"en-US","potentialAction":[{"@type":"ReadAction","target":["https:\/\/yogaexpert.ee\/en\/about-me\/"]}]},{"@type":"ImageObject","inLanguage":"en-US","@id":"https:\/\/yogaexpert.ee\/en\/about-me\/#primaryimage","url":"https:\/\/yogaexpert.ee\/wp-content\/uploads\/2025\/09\/IMG_5739.jpg","contentUrl":"https:\/\/yogaexpert.ee\/wp-content\/uploads\/2025\/09\/IMG_5739.jpg"},{"@type":"BreadcrumbList","@id":"https:\/\/yogaexpert.ee\/en\/about-me\/#breadcrumb","itemListElement":[{"@type":"ListItem","position":1,"name":"Home","item":"https:\/\/yogaexpert.ee\/"},{"@type":"ListItem","position":2,"name":"About Me"}]},{"@type":"WebSite","@id":"https:\/\/yogaexpert.ee\/#website","url":"https:\/\/yogaexpert.ee\/","name":"YogaExpert","description":"Valmistame k\u00e4sit\u00f6\u00f6na vastupidavaid ja mugavaid joogariideid, mis toetavad Sinu igap\u00e4evast liikumist ja teadlikku eluviisi.","publisher":{"@id":"https:\/\/yogaexpert.ee\/#organization"},"potentialAction":[{"@type":"SearchAction","target":{"@type":"EntryPoint","urlTemplate":"https:\/\/yogaexpert.ee\/?s={search_term_string}"},"query-input":{"@type":"PropertyValueSpecification","valueRequired":true,"valueName":"search_term_string"}}],"inLanguage":"en-US"},{"@type":"Organization","@id":"https:\/\/yogaexpert.ee\/#organization","name":"YogaExpert","url":"https:\/\/yogaexpert.ee\/","logo":{"@type":"ImageObject","inLanguage":"en-US","@id":"https:\/\/yogaexpert.ee\/#\/schema\/logo\/image\/","url":"https:\/\/yogaexpert.ee\/wp-content\/uploads\/2025\/09\/Yogaekspert-logo_kastita_PNG-1.png","contentUrl":"https:\/\/yogaexpert.ee\/wp-content\/uploads\/2025\/09\/Yogaekspert-logo_kastita_PNG-1.png","width":2527,"height":1784,"caption":"YogaExpert"},"image":{"@id":"https:\/\/yogaexpert.ee\/#\/schema\/logo\/image\/"}}]}},"_links":{"self":[{"href":"https:\/\/yogaexpert.ee\/en\/wp-json\/wp\/v2\/pages\/2842","targetHints":{"allow":["GET"]}}],"collection":[{"href":"https:\/\/yogaexpert.ee\/en\/wp-json\/wp\/v2\/pages"}],"about":[{"href":"https:\/\/yogaexpert.ee\/en\/wp-json\/wp\/v2\/types\/page"}],"author":[{"embeddable":true,"href":"https:\/\/yogaexpert.ee\/en\/wp-json\/wp\/v2\/users\/1"}],"replies":[{"embeddable":true,"href":"https:\/\/yogaexpert.ee\/en\/wp-json\/wp\/v2\/comments?post=2842"}],"version-history":[{"count":1,"href":"https:\/\/yogaexpert.ee\/en\/wp-json\/wp\/v2\/pages\/2842\/revisions"}],"predecessor-version":[{"id":2843,"href":"https:\/\/yogaexpert.ee\/en\/wp-json\/wp\/v2\/pages\/2842\/revisions\/2843"}],"wp:attachment":[{"href":"https:\/\/yogaexpert.ee\/en\/wp-json\/wp\/v2\/media?parent=2842"}],"curies":[{"name":"wp","href":"https:\/\/api.w.org\/{rel}","templated":true}]}}